{"id":27,"date":"2021-01-10T19:49:47","date_gmt":"2021-01-10T18:49:47","guid":{"rendered":"http:\/\/pankartograf.pl\/?page_id=27"},"modified":"2021-05-02T21:53:14","modified_gmt":"2021-05-02T19:53:14","slug":"metodologia","status":"publish","type":"page","link":"http:\/\/pankartograf.pl\/?page_id=27","title":{"rendered":"Metodologia"},"content":{"rendered":"<div class=\"entry\">\n\n\n<h3 class=\"wp-block-heading\">Kartodiagram i kartogram podstawowymi metodami prezentacji kartograficznej rozprzestrzeniania si\u0119 epidemii CoViD-19 w Polsce<\/h3>\n\n\n\n<p>Kartodiagram i kartogram podstawowymi metodami prezentacji kartograficznej rozprzestrzeniania si\u0119 epidemii koronawirusa w Polsce. Metody prezentacji kartograficznej dzielimy na dwie grupy:<\/p>\n\n\n\n<p>&#8211; metody jako\u015bciowe \u2013 polegaj\u0105 na rozr\u00f3\u017cnieniu obiekt\u00f3w i zjawisk zlokalizowanych w przestrzeni. Do metod tych nale\u017c\u0105: metoda sygnaturowa, metoda chorochromatyczna (powierzchniowa) i metoda zasi\u0119g\u00f3w;<\/p>\n\n\n\n<p>&#8211; metody ilo\u015bciowe \u2013 polegaj\u0105 na prezentacji obiekt\u00f3w i zjawisk jako wyra\u017conych mi\u0119dzy nimi zmienno\u015bci przestrzennych w postaci relacji liczb bezwzgl\u0119dnych lub zmienno\u015bci nat\u0119\u017cenia zjawiska lub wyst\u0119powania obiekt\u00f3w w postaci warto\u015bci wzgl\u0119dnych. Do metod ilo\u015bciowych zaliczane s\u0105: metoda kropkowa, metoda izolinii, metoda kartogramu i metoda kartodiagramu.<\/p>\n\n\n\n<p>Dane statystyczne rozprzestrzeniania si\u0119 epidemii CoViD-19 w Polsce publikowane codziennie przez G\u0142\u00f3wny Inspektorat Sanitarny s\u0105 bardzo dobrym \u017ar\u00f3d\u0142em danych liczbowych do opracowania map tematycznych (statystycznych) wyst\u0119powania tego zjawiska na obszarze Polski jak i w poszczeg\u00f3lnych regionach (powiatach i gminach) w r\u00f3\u017cnych okresach czasowych. Metoda kartodiagramu i metoda kartogramu s\u0105 najcz\u0119\u015bciej wykorzystywanymi metodami przy prezentowaniu danych statystycznych w tym danych dotycz\u0105cych liczby zachorowalno\u015bci, liczby zgon\u00f3w i rozprzestrzeniania si\u0119 epidemii CoViD-19.<\/p>\n\n\n\n<p>Pierwsz\u0105 z metod najcz\u0119\u015bciej wykorzystywan\u0105 do prezentowania danych statystycznych epidemii CoViD-19 jest metoda kartodiagramu. W odr\u00f3\u017cnieniu do metody kartogramu, kartodiagramem mo\u017cna przedstawi\u0107 w szczeg\u00f3lno\u015bci dane bezwzgl\u0119dne dotycz\u0105ce liczby zachorowalno\u015bci i liczby zgon\u00f3w odnosz\u0105ce si\u0119 do poszczeg\u00f3lnych wojew\u00f3dztw lub powiat\u00f3w w r\u00f3\u017cnych przedzia\u0142ach czasowych tj. w konkretnym dniu, w ci\u0105gu kilku dni, tygodni, miesi\u0119cy, itp. G\u0142\u00f3wnym celem przedstawienia zjawiska metod\u0105 kartodiagramu jest przedstawienie przestrzennego rozmieszczenia warto\u015bci liczbowych w tym szczeg\u00f3lnym przypadku, liczby zaka\u017ce\u0144 i liczby zgon\u00f3w.<\/p>\n\n\n\n<p>Drug\u0105 z metod, obok metody kartodiagramu jest metoda kartogramu. Metoda ta s\u0142u\u017cy do ilo\u015bciowego przedstawiania na mapie \u015bredniej intensywno\u015bci wyst\u0105pienia zjawiska, np.: zaka\u017ce\u0144 lub zgon\u00f3w na obszarze danego wojew\u00f3dztwa lub danego powiatu. G\u0142\u00f3wnym celem przedstawienia zjawiska metod\u0105 kartogramu jest pokazanie przestrzennego rozmieszczenia intensywno\u015bci danego zjawiska, a nie konkretnych warto\u015bci w poszczeg\u00f3lnych polach odniesienia (np.: wojew\u00f3dztwo, powiat). Przy opracowaniu mapy t\u0105 metod\u0105 \u0142atwo pope\u0142ni\u0107 istotne b\u0142\u0119dy, gdy\u017c nale\u017cy wiedzie\u0107:<\/p>\n\n\n\n<p>&#8211; do jakich danych metoda kartogramu si\u0119 nadaje, a do jakich nie;<br>&#8211; oraz jakie informacje metod\u0105 kartogramu mog\u0105 by\u0107 prezentowane, a jakie nie.<\/p>\n\n\n\n<p>Zjawisko wyst\u0105pienia epidemii CoViD-19 w Polsce w podziale na wojew\u00f3dztwa i dla wojew\u00f3dztwa \u015bl\u0105skiego w podziale na powiaty prezentowana jest na stronie internetowej <a href=\"http:\/\/www.pankartograf.pl\/\">www.pankartograf.pl<\/a> za pomoc\u0105 wy\u017cej wymienionych metod w szczeg\u00f3lno\u015bci kartogram\u00f3w.<\/p>\n\n\n\n<p>Przy pomocy kartodiagram\u00f3w prezentowane b\u0119d\u0105 warto\u015bci w spos\u00f3b ci\u0105g\u0142y diagramami jednoparametrowymi, np. liczby zaka\u017ce\u0144 lub liczby zgon\u00f3w w danym dniu, tygodniu lub miesi\u0105cu, a tak\u017ce prezentowane b\u0119d\u0105 zmienno\u015bci wielko\u015bci zjawiska w wybranych okresach czasu, np. liczba zaka\u017ce\u0144 w poszczeg\u00f3lnych tygodniach lub kolejnych miesi\u0105cach.<\/p>\n\n\n\n<p>Kartogramem prostym prezentowane mo\u017ce by\u0107 nat\u0119\u017cenie i trendy wyst\u0119powania zjawiska, np. liczba zaka\u017ce\u0144 na 100 000 mieszka\u0144c\u00f3w w danym tygodniu lub miesi\u0105cu, a tak\u017ce liczba zgon\u00f3w na 1 000 000 mieszka\u0144c\u00f3w w danym miesi\u0105cu lub danym kwartale.<\/p>\n\n\n\n<p>Przyk\u0142adowe rodzaje map tematycznych dla obszaru Polski i wojew\u00f3dztwa \u015bl\u0105skiego:<\/p>\n\n\n\n<ol class=\"wp-block-list\"><li>Mapa trendu zaka\u017ce\u0144 CoViD-19 (liczona w odniesieniu do wska\u017anika siedmiodniowego \u015bredniego zaka\u017cenia na 100 000 mieszka\u0144c\u00f3w) wg wojew\u00f3dztw i powiat\u00f3w woj. \u015bl\u0105skiego.<\/li><li>Mapa trendu zgon\u00f3w w wyniku zaka\u017ce\u0144 CoViD-19 (liczona w odniesieniu do wska\u017anika siedmiodniowych \u015brednich zgon\u00f3w w wyniku zaka\u017ce\u0144 na 1 000 000 mieszka\u0144c\u00f3w) wg wojew\u00f3dztw i powiat\u00f3w woj. \u015bl\u0105skiego.<\/li><li>Mapa \u015bredniej liczby dobowych zaka\u017ce\u0144 CoViD-19 na 100 000 mieszka\u0144c\u00f3w w danym okresie np.: 14 dni, danym miesi\u0105cu, itd.<\/li><li>Mapa \u015bredniej liczby zgon\u00f3w na 1 000 000 mieszka\u0144c\u00f3w w danym okresie np.: 14 dni, danym miesi\u0105cu, itd.<\/li><\/ol>\n\n\n\n<p><\/p>\n\n\n<\/div>","protected":false},"excerpt":{"rendered":"<p>Kartodiagram i kartogram podstawowymi metodami prezentacji kartograficznej rozprzestrzeniania si\u0119 epidemii CoViD-19 w Polsce Kartodiagram i kartogram podstawowymi metodami prezentacji kartograficznej rozprzestrzeniania si\u0119 epidemii koronawirusa w Polsce. Metody prezentacji kartograficznej dzielimy na dwie grupy: &#8211; metody jako\u015bciowe \u2013 polegaj\u0105 na rozr\u00f3\u017cnieniu obiekt\u00f3w i zjawisk zlokalizowanych w przestrzeni. Do metod tych nale\u017c\u0105: metoda sygnaturowa, metoda chorochromatyczna (powierzchniowa) &#8230;<\/p>\n","protected":false},"author":1,"featured_media":0,"parent":0,"menu_order":0,"comment_status":"closed","ping_status":"closed","template":"","meta":{"footnotes":""},"class_list":["post-27","page","type-page","status-publish"],"_links":{"self":[{"href":"http:\/\/pankartograf.pl\/index.php?rest_route=\/wp\/v2\/pages\/27","targetHints":{"allow":["GET"]}}],"collection":[{"href":"http:\/\/pankartograf.pl\/index.php?rest_route=\/wp\/v2\/pages"}],"about":[{"href":"http:\/\/pankartograf.pl\/index.php?rest_route=\/wp\/v2\/types\/page"}],"author":[{"embeddable":true,"href":"http:\/\/pankartograf.pl\/index.php?rest_route=\/wp\/v2\/users\/1"}],"replies":[{"embeddable":true,"href":"http:\/\/pankartograf.pl\/index.php?rest_route=%2Fwp%2Fv2%2Fcomments&post=27"}],"version-history":[{"count":5,"href":"http:\/\/pankartograf.pl\/index.php?rest_route=\/wp\/v2\/pages\/27\/revisions"}],"predecessor-version":[{"id":258,"href":"http:\/\/pankartograf.pl\/index.php?rest_route=\/wp\/v2\/pages\/27\/revisions\/258"}],"wp:attachment":[{"href":"http:\/\/pankartograf.pl\/index.php?rest_route=%2Fwp%2Fv2%2Fmedia&parent=27"}],"curies":[{"name":"wp","href":"https:\/\/api.w.org\/{rel}","templated":true}]}}